{"id":9,"date":"2024-04-29T12:24:58","date_gmt":"2024-04-29T12:24:58","guid":{"rendered":"https:\/\/ahorrarenlaluz.es\/?page_id=9"},"modified":"2024-05-01T18:08:16","modified_gmt":"2024-05-01T18:08:16","slug":"ahorra-luz-en-tu-factura-electrica","status":"publish","type":"page","link":"https:\/\/ahorrarenlaluz.es\/","title":{"rendered":"Ahorra luz en tu factura el\u00e9ctrica"},"content":{"rendered":"<style>\/*! elementor - v3.21.0 - 25-04-2024 *\/\n.elementor-heading-title{padding:0;margin:0;line-height:1}.elementor-widget-heading .elementor-heading-title[class*=elementor-size-]>a{color:inherit;font-size:inherit;line-height:inherit}.elementor-widget-heading .elementor-heading-title.elementor-size-small{font-size:15px}.elementor-widget-heading .elementor-heading-title.elementor-size-medium{font-size:19px}.elementor-widget-heading .elementor-heading-title.elementor-size-large{font-size:29px}.elementor-widget-heading .elementor-heading-title.elementor-size-xl{font-size:39px}.elementor-widget-heading .elementor-heading-title.elementor-size-xxl{font-size:59px}<\/style>\n<h1>\u00a1Ahorra luz ya!<\/h1>\n<style>\/*! elementor - v3.21.0 - 25-04-2024 *\/\n.elementor-widget-divider{--divider-border-style:none;--divider-border-width:1px;--divider-color:#0c0d0e;--divider-icon-size:20px;--divider-element-spacing:10px;--divider-pattern-height:24px;--divider-pattern-size:20px;--divider-pattern-url:none;--divider-pattern-repeat:repeat-x}.elementor-widget-divider .elementor-divider{display:flex}.elementor-widget-divider .elementor-divider__text{font-size:15px;line-height:1;max-width:95%}.elementor-widget-divider .elementor-divider__element{margin:0 var(--divider-element-spacing);flex-shrink:0}.elementor-widget-divider .elementor-icon{font-size:var(--divider-icon-size)}.elementor-widget-divider .elementor-divider-separator{display:flex;margin:0;direction:ltr}.elementor-widget-divider--view-line_icon .elementor-divider-separator,.elementor-widget-divider--view-line_text .elementor-divider-separator{align-items:center}.elementor-widget-divider--view-line_icon .elementor-divider-separator:after,.elementor-widget-divider--view-line_icon .elementor-divider-separator:before,.elementor-widget-divider--view-line_text .elementor-divider-separator:after,.elementor-widget-divider--view-line_text .elementor-divider-separator:before{display:block;content:\"\";border-block-end:0;flex-grow:1;border-block-start:var(--divider-border-width) var(--divider-border-style) var(--divider-color)}.elementor-widget-divider--element-align-left .elementor-divider .elementor-divider-separator>.elementor-divider__svg:first-of-type{flex-grow:0;flex-shrink:100}.elementor-widget-divider--element-align-left .elementor-divider-separator:before{content:none}.elementor-widget-divider--element-align-left .elementor-divider__element{margin-left:0}.elementor-widget-divider--element-align-right .elementor-divider .elementor-divider-separator>.elementor-divider__svg:last-of-type{flex-grow:0;flex-shrink:100}.elementor-widget-divider--element-align-right .elementor-divider-separator:after{content:none}.elementor-widget-divider--element-align-right .elementor-divider__element{margin-right:0}.elementor-widget-divider--element-align-start .elementor-divider .elementor-divider-separator>.elementor-divider__svg:first-of-type{flex-grow:0;flex-shrink:100}.elementor-widget-divider--element-align-start .elementor-divider-separator:before{content:none}.elementor-widget-divider--element-align-start .elementor-divider__element{margin-inline-start:0}.elementor-widget-divider--element-align-end .elementor-divider .elementor-divider-separator>.elementor-divider__svg:last-of-type{flex-grow:0;flex-shrink:100}.elementor-widget-divider--element-align-end .elementor-divider-separator:after{content:none}.elementor-widget-divider--element-align-end .elementor-divider__element{margin-inline-end:0}.elementor-widget-divider:not(.elementor-widget-divider--view-line_text):not(.elementor-widget-divider--view-line_icon) .elementor-divider-separator{border-block-start:var(--divider-border-width) var(--divider-border-style) var(--divider-color)}.elementor-widget-divider--separator-type-pattern{--divider-border-style:none}.elementor-widget-divider--separator-type-pattern.elementor-widget-divider--view-line .elementor-divider-separator,.elementor-widget-divider--separator-type-pattern:not(.elementor-widget-divider--view-line) .elementor-divider-separator:after,.elementor-widget-divider--separator-type-pattern:not(.elementor-widget-divider--view-line) .elementor-divider-separator:before,.elementor-widget-divider--separator-type-pattern:not([class*=elementor-widget-divider--view]) .elementor-divider-separator{width:100%;min-height:var(--divider-pattern-height);-webkit-mask-size:var(--divider-pattern-size) 100%;mask-size:var(--divider-pattern-size) 100%;-webkit-mask-repeat:var(--divider-pattern-repeat);mask-repeat:var(--divider-pattern-repeat);background-color:var(--divider-color);-webkit-mask-image:var(--divider-pattern-url);mask-image:var(--divider-pattern-url)}.elementor-widget-divider--no-spacing{--divider-pattern-size:auto}.elementor-widget-divider--bg-round{--divider-pattern-repeat:round}.rtl .elementor-widget-divider .elementor-divider__text{direction:rtl}.e-con-inner>.elementor-widget-divider,.e-con>.elementor-widget-divider{width:var(--container-widget-width,100%);--flex-grow:var(--container-widget-flex-grow)}<\/style>\n<p>resultados la primera semana, ahorra hasta un 45%.\u00a0<\/p>\n<p>\t\t\t<a href=\"#\"><br \/>\n\t\t\t\t<svg aria-hidden=\"true\" viewBox=\"0 0 192 512\" xmlns=\"http:\/\/www.w3.org\/2000\/svg\"><path d=\"M0 384.662V127.338c0-17.818 21.543-26.741 34.142-14.142l128.662 128.662c7.81 7.81 7.81 20.474 0 28.284L34.142 398.804C21.543 411.404 0 402.48 0 384.662z\"><\/path><\/svg><br \/>\n\t\t\t\t\t\t\t\t\tLl\u00e1mame<br \/>\n\t\t\t\t\t<\/a><\/p>\n<h2>\u00bfEst\u00e1s cansado de pagar mucha luz?<\/h2>\n<p>\t\tEcoluz Consultores te ahorra hasta un 60% en tu factura de luz.<\/p>\n<p>Descubre ya cuanto estas pagando de m\u00e1s en tu compa\u00f1\u00eda el\u00e9ctrica y empieza a ahorrar desde hoy, con\u00a0nuestros servicios de gesti\u00f3n de energ\u00eda y renovables.<\/p>\n<p>Ecoluz Consultores es una empresa innovadora de eficiencia energ\u00e9tica y renovables que se dedica a buscar ahorro para ti sin coste y de forma segura en tu factura de luz.\t\t<\/p>\n<style>\/*! elementor - v3.21.0 - 25-04-2024 *\/\n.elementor-widget-image{text-align:center}.elementor-widget-image a{display:inline-block}.elementor-widget-image a img[src$=\".svg\"]{width:48px}.elementor-widget-image img{vertical-align:middle;display:inline-block}<\/style>\n<p>\t\t\t\t\t\t\t\t\t\t<img decoding=\"async\" src=\"https:\/\/ahorrarenlaluz.es\/wp-content\/uploads\/elementor\/thumbs\/E-RSZUVs-scaled-1-qnfa4m1mszb5wn2prvq7g1th9p9n5jotahfs7l62ps.jpeg\" title=\"E-RSZUVs-scaled\" alt=\"E-RSZUVs-scaled\" loading=\"lazy\" \/>\t\t\t\t\t\t\t\t\t\t\t\t\t<\/p>\n<h2>\u00c1ngel Trevi\u00f1o<\/h2>\n<p>Lorem ipsum dolor sit amet, consectetur adipiscing elit. Nullam eget bibendum dolor, fermentum pellentesque enim. Nam ac maximus neque. Duis vitae quam non enim convallis mollis non quis mauris. In malesuada dignissim enim, ac lacinia libero molestie posuere. Fusce tempus tellus non mattis porttitor<\/p>\n<p>\t\t\t<a href=\"#\"><br \/>\n\t\t\t\t<svg aria-hidden=\"true\" viewBox=\"0 0 448 512\" xmlns=\"http:\/\/www.w3.org\/2000\/svg\"><path d=\"M190.5 66.9l22.2-22.2c9.4-9.4 24.6-9.4 33.9 0L441 239c9.4 9.4 9.4 24.6 0 33.9L246.6 467.3c-9.4 9.4-24.6 9.4-33.9 0l-22.2-22.2c-9.5-9.5-9.3-25 .4-34.3L311.4 296H24c-13.3 0-24-10.7-24-24v-32c0-13.3 10.7-24 24-24h287.4L190.9 101.2c-9.8-9.3-10-24.8-.4-34.3z\"><\/path><\/svg><br \/>\n\t\t\t\t\t\t\t\t\tView events<br \/>\n\t\t\t\t\t<\/a><\/p>\n<style>\/*! elementor - v3.21.0 - 25-04-2024 *\/\n.elementor-widget-image-box .elementor-image-box-content{width:100%}@media (min-width:768px){.elementor-widget-image-box.elementor-position-left .elementor-image-box-wrapper,.elementor-widget-image-box.elementor-position-right .elementor-image-box-wrapper{display:flex}.elementor-widget-image-box.elementor-position-right .elementor-image-box-wrapper{text-align:end;flex-direction:row-reverse}.elementor-widget-image-box.elementor-position-left .elementor-image-box-wrapper{text-align:start;flex-direction:row}.elementor-widget-image-box.elementor-position-top .elementor-image-box-img{margin:auto}.elementor-widget-image-box.elementor-vertical-align-top .elementor-image-box-wrapper{align-items:flex-start}.elementor-widget-image-box.elementor-vertical-align-middle .elementor-image-box-wrapper{align-items:center}.elementor-widget-image-box.elementor-vertical-align-bottom .elementor-image-box-wrapper{align-items:flex-end}}@media (max-width:767px){.elementor-widget-image-box .elementor-image-box-img{margin-left:auto!important;margin-right:auto!important;margin-bottom:15px}}.elementor-widget-image-box .elementor-image-box-img{display:inline-block}.elementor-widget-image-box .elementor-image-box-title a{color:inherit}.elementor-widget-image-box .elementor-image-box-wrapper{text-align:center}.elementor-widget-image-box .elementor-image-box-description{margin:0}<\/style>\n<figure><a href=\"https:\/\/www.canarias7.es\/economia\/precio-luz-negativo-pagaran-gastar-luz-20240409162352-nt.html?fbclid=IwZXh0bgNhZW0CMTEAAR0JUm23vX8y30W7HPjqclmtoqiKTyqqvyyEJPmj0GulPuz51UWF2WO6ch4_aem_ATbpxdf6uiLDS7whbwt_UCc5mAldB0Ad-u9jYbvxOxF18zXKF1so-AfgpPTfy8i5-ZUPJ93TtB-ERRXuOGN6j_su#vca=fixed-btn&#038;vso=rrss&#038;vmc=cp&#038;vli=economia\" tabindex=\"-1\"><img decoding=\"async\" src=\"https:\/\/ahorrarenlaluz.es\/wp-content\/uploads\/2024\/04\/luznegativo-kyCE-U21020503169742MI-1200x840@Canarias7.webp\" title=\"luznegativo-kyCE-U21020503169742MI-1200&#215;840@Canarias7\" alt=\"luznegativo-kyCE-U21020503169742MI-1200x840@Canarias7\" loading=\"lazy\" \/><\/a><\/figure>\n<h3><a href=\"https:\/\/www.canarias7.es\/economia\/precio-luz-negativo-pagaran-gastar-luz-20240409162352-nt.html?fbclid=IwZXh0bgNhZW0CMTEAAR0JUm23vX8y30W7HPjqclmtoqiKTyqqvyyEJPmj0GulPuz51UWF2WO6ch4_aem_ATbpxdf6uiLDS7whbwt_UCc5mAldB0Ad-u9jYbvxOxF18zXKF1so-AfgpPTfy8i5-ZUPJ93TtB-ERRXuOGN6j_su#vca=fixed-btn&#038;vso=rrss&#038;vmc=cp&#038;vli=economia\">El precio de la luz, en negativo \u00bfMe pagar\u00e1n por consumir energ\u00eda?<\/a><\/h3>\n<p>Art\u00edculo en el Canaria 7<\/p>\n<p>\t\t\t<a href=\"https:\/\/www.canarias7.es\/economia\/precio-luz-negativo-pagaran-gastar-luz-20240409162352-nt.html?fbclid=IwZXh0bgNhZW0CMTEAAR0JUm23vX8y30W7HPjqclmtoqiKTyqqvyyEJPmj0GulPuz51UWF2WO6ch4_aem_ATbpxdf6uiLDS7whbwt_UCc5mAldB0Ad-u9jYbvxOxF18zXKF1so-AfgpPTfy8i5-ZUPJ93TtB-ERRXuOGN6j_su#vca=fixed-btn&#038;vso=rrss&#038;vmc=cp&#038;vli=economia\" target=\"_blank\" rel=\"noopener\"><br \/>\n\t\t\t\t\t\t\t\t\tCanaria 7<br \/>\n\t\t\t\t\t<\/a><\/p>\n<figure><a href=\"https:\/\/ecoluzconsultores.wordpress.com\/2023\/06\/08\/se-intensifican-los-enganos-en-la-contratacion-de-companias-electricas-en-2023\/?fbclid=IwZXh0bgNhZW0CMTEAAR1NRZTX7ENMfCSC7QA2Ivp4jA2ny1jVxBWTNx7dcIVCqOA3bSw3vM9sYb8_aem_ATbkUWNUDN5Wm-wNz0YM5bvdOFkxYm3Tx1IR-Wib5XkOlG0RMZJlZHqxGF1cWUQ7LX18bhJwCyD5ifWPUw2ICzah\" target=\"_blank\" tabindex=\"-1\" rel=\"noopener\"><img decoding=\"async\" src=\"https:\/\/ahorrarenlaluz.es\/wp-content\/uploads\/2024\/04\/imagen-1.webp\" title=\"imagen-1\" alt=\"imagen-1\" loading=\"lazy\" \/><\/a><\/figure>\n<h3><a href=\"https:\/\/ecoluzconsultores.wordpress.com\/2023\/06\/08\/se-intensifican-los-enganos-en-la-contratacion-de-companias-electricas-en-2023\/?fbclid=IwZXh0bgNhZW0CMTEAAR1NRZTX7ENMfCSC7QA2Ivp4jA2ny1jVxBWTNx7dcIVCqOA3bSw3vM9sYb8_aem_ATbkUWNUDN5Wm-wNz0YM5bvdOFkxYm3Tx1IR-Wib5XkOlG0RMZJlZHqxGF1cWUQ7LX18bhJwCyD5ifWPUw2ICzah\" target=\"_blank\" rel=\"noopener\">Se intensifican los enga\u00f1os en la contrataci\u00f3n de compa\u00f1\u00edas el\u00e9ctricas en 2023<\/a><\/h3>\n<figure><a href=\"#\" tabindex=\"-1\"><img decoding=\"async\" src=\"https:\/\/ahorrarenlaluz.es\/wp-content\/uploads\/elementor\/thumbs\/pexels-photo-1305095-qnf99go53rsxc6x9fuhb97y5p80yambmzs6qsvjnh4.jpeg\" title=\"pexels-photo-1305095.jpeg\" alt=\"pexels-photo-1305095.jpeg\" loading=\"lazy\" \/><\/a><\/figure>\n<h3><a href=\"#\">Adventure<\/a><\/h3>\n<p>Lorem ipsum dolor sit amet, consectetur adipiscing elit. Nullam eget bibendum dolor, fermentum pellentesque enim. Nam ac maximus neque. Duis vitae quam non enim convallis mollis.<\/p>\n<p>\t\t<iframe title=\"\u00c1ngel Trevi\u00f1o, entrevistado en &#039;Buenos d\u00edas Canarias&#039; (26\/02\/2016), como ahorrar en la luz en casa.\" width=\"800\" height=\"450\" src=\"https:\/\/www.youtube.com\/embed\/pISe-x9w57Y?feature=oembed\" frameborder=\"0\" allow=\"accelerometer; autoplay; clipboard-write; encrypted-media; gyroscope; picture-in-picture; web-share\" referrerpolicy=\"strict-origin-when-cross-origin\" allowfullscreen><\/iframe>\t\t<\/p>\n<h2>challenge yourself<\/h2>\n<p>Lorem ipsum dolor sit amet, consectetur adipiscing elit. Nullam eget bibendum dolor, fermentum pellentesque enim. Nam ac maximus neque. Duis vitae quam non enim convallis mollis non quis mauris. In malesuada dignissim enim, ac lacinia libero molestie posuere. Fusce tempus tellus non mattis porttitor<\/p>\n<p>\t\t\t<a href=\"#\"><br \/>\n\t\t\t\t\t\t\t\t\tView More<br \/>\n\t\t\t\t\t<\/a><br \/>\n\t\t\t\t\t\t\t\t\t\t\t\t\t<img decoding=\"async\" src=\"https:\/\/ahorrarenlaluz.es\/wp-content\/uploads\/elementor\/thumbs\/person1Y-qnf99n91ngwiyipq9f67rrascvg4amrz3q830gjzwa.jpg\" title=\"person1Y.jpg\" alt=\"person1Y.jpg\" loading=\"lazy\" \/>\t\t\t\t\t\t\t\t\t\t\t\t\t<\/p>\n<h2>Ahorra hasta un 60% de luz<\/h2>\n<p>\t\t\t<a href=\"\"><br \/>\n\t\t\t\t<svg aria-hidden=\"true\" viewBox=\"0 0 192 512\" xmlns=\"http:\/\/www.w3.org\/2000\/svg\"><path d=\"M0 384.662V127.338c0-17.818 21.543-26.741 34.142-14.142l128.662 128.662c7.81 7.81 7.81 20.474 0 28.284L34.142 398.804C21.543 411.404 0 402.48 0 384.662z\"><\/path><\/svg><br \/>\n\t\t\t\t\t\t\t\t\tLl\u00e1manos<br \/>\n\t\t\t\t\t<\/a><br \/>\n\t\t\t<svg aria-hidden=\"true\" viewBox=\"0 0 576 512\" xmlns=\"http:\/\/www.w3.org\/2000\/svg\"><path d=\"M259.3 17.8L194 150.2 47.9 171.5c-26.2 3.8-36.7 36.1-17.7 54.6l105.7 103-25 145.5c-4.5 26.3 23.2 46 46.4 33.7L288 439.6l130.7 68.7c23.2 12.2 50.9-7.4 46.4-33.7l-25-145.5 105.7-103c19-18.5 8.5-50.8-17.7-54.6L382 150.2 316.7 17.8c-11.7-23.6-45.6-23.9-57.4 0z\"><\/path><\/svg><br \/>\n\t\t\t<svg aria-hidden=\"true\" viewBox=\"0 0 576 512\" xmlns=\"http:\/\/www.w3.org\/2000\/svg\"><path d=\"M259.3 17.8L194 150.2 47.9 171.5c-26.2 3.8-36.7 36.1-17.7 54.6l105.7 103-25 145.5c-4.5 26.3 23.2 46 46.4 33.7L288 439.6l130.7 68.7c23.2 12.2 50.9-7.4 46.4-33.7l-25-145.5 105.7-103c19-18.5 8.5-50.8-17.7-54.6L382 150.2 316.7 17.8c-11.7-23.6-45.6-23.9-57.4 0z\"><\/path><\/svg>\t\t\t<\/p>\n<h1>Contact us <\/h1>\n<p>\t\t\t<svg aria-hidden=\"true\" viewBox=\"0 0 576 512\" xmlns=\"http:\/\/www.w3.org\/2000\/svg\"><path d=\"M259.3 17.8L194 150.2 47.9 171.5c-26.2 3.8-36.7 36.1-17.7 54.6l105.7 103-25 145.5c-4.5 26.3 23.2 46 46.4 33.7L288 439.6l130.7 68.7c23.2 12.2 50.9-7.4 46.4-33.7l-25-145.5 105.7-103c19-18.5 8.5-50.8-17.7-54.6L382 150.2 316.7 17.8c-11.7-23.6-45.6-23.9-57.4 0z\"><\/path><\/svg><br \/>\n\t\t\t<svg aria-hidden=\"true\" viewBox=\"0 0 576 512\" xmlns=\"http:\/\/www.w3.org\/2000\/svg\"><path d=\"M259.3 17.8L194 150.2 47.9 171.5c-26.2 3.8-36.7 36.1-17.7 54.6l105.7 103-25 145.5c-4.5 26.3 23.2 46 46.4 33.7L288 439.6l130.7 68.7c23.2 12.2 50.9-7.4 46.4-33.7l-25-145.5 105.7-103c19-18.5 8.5-50.8-17.7-54.6L382 150.2 316.7 17.8c-11.7-23.6-45.6-23.9-57.4 0z\"><\/path><\/svg>\t\t\t<\/p>\n<p>questions &amp; Support<\/p>\n<p>\t\t\t<a href=\"#anchor\"><br \/>\n\t\t\t\t\t\t<\/a><\/p>\n<h2>do you want new challenges in exciting new places?<br \/>\n<\/h2>\n<style>\/*! elementor - v3.21.0 - 25-04-2024 *\/\n.elementor-widget-social-icons.elementor-grid-0 .elementor-widget-container,.elementor-widget-social-icons.elementor-grid-mobile-0 .elementor-widget-container,.elementor-widget-social-icons.elementor-grid-tablet-0 .elementor-widget-container{line-height:1;font-size:0}.elementor-widget-social-icons:not(.elementor-grid-0):not(.elementor-grid-tablet-0):not(.elementor-grid-mobile-0) .elementor-grid{display:inline-grid}.elementor-widget-social-icons .elementor-grid{grid-column-gap:var(--grid-column-gap,5px);grid-row-gap:var(--grid-row-gap,5px);grid-template-columns:var(--grid-template-columns);justify-content:var(--justify-content,center);justify-items:var(--justify-content,center)}.elementor-icon.elementor-social-icon{font-size:var(--icon-size,25px);line-height:var(--icon-size,25px);width:calc(var(--icon-size, 25px) + 2 * var(--icon-padding, .5em));height:calc(var(--icon-size, 25px) + 2 * var(--icon-padding, .5em))}.elementor-social-icon{--e-social-icon-icon-color:#fff;display:inline-flex;background-color:#69727d;align-items:center;justify-content:center;text-align:center;cursor:pointer}.elementor-social-icon i{color:var(--e-social-icon-icon-color)}.elementor-social-icon svg{fill:var(--e-social-icon-icon-color)}.elementor-social-icon:last-child{margin:0}.elementor-social-icon:hover{opacity:.9;color:#fff}.elementor-social-icon-android{background-color:#a4c639}.elementor-social-icon-apple{background-color:#999}.elementor-social-icon-behance{background-color:#1769ff}.elementor-social-icon-bitbucket{background-color:#205081}.elementor-social-icon-codepen{background-color:#000}.elementor-social-icon-delicious{background-color:#39f}.elementor-social-icon-deviantart{background-color:#05cc47}.elementor-social-icon-digg{background-color:#005be2}.elementor-social-icon-dribbble{background-color:#ea4c89}.elementor-social-icon-elementor{background-color:#d30c5c}.elementor-social-icon-envelope{background-color:#ea4335}.elementor-social-icon-facebook,.elementor-social-icon-facebook-f{background-color:#3b5998}.elementor-social-icon-flickr{background-color:#0063dc}.elementor-social-icon-foursquare{background-color:#2d5be3}.elementor-social-icon-free-code-camp,.elementor-social-icon-freecodecamp{background-color:#006400}.elementor-social-icon-github{background-color:#333}.elementor-social-icon-gitlab{background-color:#e24329}.elementor-social-icon-globe{background-color:#69727d}.elementor-social-icon-google-plus,.elementor-social-icon-google-plus-g{background-color:#dd4b39}.elementor-social-icon-houzz{background-color:#7ac142}.elementor-social-icon-instagram{background-color:#262626}.elementor-social-icon-jsfiddle{background-color:#487aa2}.elementor-social-icon-link{background-color:#818a91}.elementor-social-icon-linkedin,.elementor-social-icon-linkedin-in{background-color:#0077b5}.elementor-social-icon-medium{background-color:#00ab6b}.elementor-social-icon-meetup{background-color:#ec1c40}.elementor-social-icon-mixcloud{background-color:#273a4b}.elementor-social-icon-odnoklassniki{background-color:#f4731c}.elementor-social-icon-pinterest{background-color:#bd081c}.elementor-social-icon-product-hunt{background-color:#da552f}.elementor-social-icon-reddit{background-color:#ff4500}.elementor-social-icon-rss{background-color:#f26522}.elementor-social-icon-shopping-cart{background-color:#4caf50}.elementor-social-icon-skype{background-color:#00aff0}.elementor-social-icon-slideshare{background-color:#0077b5}.elementor-social-icon-snapchat{background-color:#fffc00}.elementor-social-icon-soundcloud{background-color:#f80}.elementor-social-icon-spotify{background-color:#2ebd59}.elementor-social-icon-stack-overflow{background-color:#fe7a15}.elementor-social-icon-steam{background-color:#00adee}.elementor-social-icon-stumbleupon{background-color:#eb4924}.elementor-social-icon-telegram{background-color:#2ca5e0}.elementor-social-icon-threads{background-color:#000}.elementor-social-icon-thumb-tack{background-color:#1aa1d8}.elementor-social-icon-tripadvisor{background-color:#589442}.elementor-social-icon-tumblr{background-color:#35465c}.elementor-social-icon-twitch{background-color:#6441a5}.elementor-social-icon-twitter{background-color:#1da1f2}.elementor-social-icon-viber{background-color:#665cac}.elementor-social-icon-vimeo{background-color:#1ab7ea}.elementor-social-icon-vk{background-color:#45668e}.elementor-social-icon-weibo{background-color:#dd2430}.elementor-social-icon-weixin{background-color:#31a918}.elementor-social-icon-whatsapp{background-color:#25d366}.elementor-social-icon-wordpress{background-color:#21759b}.elementor-social-icon-x-twitter{background-color:#000}.elementor-social-icon-xing{background-color:#026466}.elementor-social-icon-yelp{background-color:#af0606}.elementor-social-icon-youtube{background-color:#cd201f}.elementor-social-icon-500px{background-color:#0099e5}.elementor-shape-rounded .elementor-icon.elementor-social-icon{border-radius:10%}.elementor-shape-circle .elementor-icon.elementor-social-icon{border-radius:50%}<\/style>\n<p>\t\t\t\t\t<a target=\"_blank\" rel=\"noopener\"><br \/>\n\t\t\t\t\t\tFacebook<br \/>\n\t\t\t\t\t\t\t\t\t\t\t<\/a><br \/>\n\t\t\t\t\t<a target=\"_blank\" rel=\"noopener\"><br \/>\n\t\t\t\t\t\tTwitter<br \/>\n\t\t\t\t\t\t\t\t\t\t\t<\/a><br \/>\n\t\t\t\t\t<a target=\"_blank\" rel=\"noopener\"><br \/>\n\t\t\t\t\t\tYoutube<br \/>\n\t\t\t\t\t\t\t\t\t\t\t<\/a><br \/>\n\t\t\t\t\t<a target=\"_blank\" rel=\"noopener\"><br \/>\n\t\t\t\t\t\tFoursquare<br \/>\n\t\t\t\t\t\t\t\t\t\t\t<\/a><br \/>\n\t\t\t\t\t<a target=\"_blank\" rel=\"noopener\"><br \/>\n\t\t\t\t\t\tInstagram<br \/>\n\t\t\t\t\t\t\t\t\t\t\t<\/a><\/p>\n","protected":false},"excerpt":{"rendered":"<p>\u00a1Ahorra luz ya! resultados la primera semana, ahorra hasta un 45%.\u00a0 Ll\u00e1mame \u00bfEst\u00e1s cansado de pagar mucha luz? Ecoluz Consultores te ahorra hasta un 60% en tu factura de luz. Descubre ya cuanto estas pagando de m\u00e1s en tu compa\u00f1\u00eda el\u00e9ctrica y empieza a ahorrar desde hoy, con\u00a0nuestros servicios de gesti\u00f3n de energ\u00eda y renovables. [&hellip;]<\/p>\n","protected":false},"author":2,"featured_media":0,"parent":0,"menu_order":0,"comment_status":"closed","ping_status":"closed","template":"elementor_canvas","meta":{"footnotes":""},"class_list":["post-9","page","type-page","status-publish","hentry"],"_links":{"self":[{"href":"https:\/\/ahorrarenlaluz.es\/index.php\/wp-json\/wp\/v2\/pages\/9","targetHints":{"allow":["GET"]}}],"collection":[{"href":"https:\/\/ahorrarenlaluz.es\/index.php\/wp-json\/wp\/v2\/pages"}],"about":[{"href":"https:\/\/ahorrarenlaluz.es\/index.php\/wp-json\/wp\/v2\/types\/page"}],"author":[{"embeddable":true,"href":"https:\/\/ahorrarenlaluz.es\/index.php\/wp-json\/wp\/v2\/users\/2"}],"replies":[{"embeddable":true,"href":"https:\/\/ahorrarenlaluz.es\/index.php\/wp-json\/wp\/v2\/comments?post=9"}],"version-history":[{"count":51,"href":"https:\/\/ahorrarenlaluz.es\/index.php\/wp-json\/wp\/v2\/pages\/9\/revisions"}],"predecessor-version":[{"id":101,"href":"https:\/\/ahorrarenlaluz.es\/index.php\/wp-json\/wp\/v2\/pages\/9\/revisions\/101"}],"wp:attachment":[{"href":"https:\/\/ahorrarenlaluz.es\/index.php\/wp-json\/wp\/v2\/media?parent=9"}],"curies":[{"name":"wp","href":"https:\/\/api.w.org\/{rel}","templated":true}]}}